{"id":53,"date":"2024-12-09T11:54:24","date_gmt":"2024-12-09T11:54:24","guid":{"rendered":"https:\/\/wp.padelelmoral.com\/?page_id=53"},"modified":"2024-12-19T11:38:11","modified_gmt":"2024-12-19T11:38:11","slug":"el-club","status":"publish","type":"page","link":"https:\/\/wp.padelelmoral.com\/index.php\/el-club\/","title":{"rendered":"El Club"},"content":{"rendered":"<p>[et_pb_section fb_built=\u00bb1&#8243; _builder_version=\u00bb4.27.4&#8243; _module_preset=\u00bbdefault\u00bb background_color=\u00bbRGBA(255,255,255,0)\u00bb background_image=\u00bbhttps:\/\/wp.padelelmoral.com\/wp-content\/uploads\/2024\/12\/Padel-El-Moral-24-scaled.jpg\u00bb min_height=\u00bb320px\u00bb custom_margin=\u00bb-65px||||false|false\u00bb hover_enabled=\u00bb0&#8243; global_colors_info=\u00bb{}\u00bb alt=\u00bbclub de padel el moral &#8211; padel en sanlucar\u00bb title_text=\u00bbclub de padel el moral &#8211; padel en sanlucar\u00bb background_position=\u00bbbottom_center\u00bb background_vertical_offset=\u00bb36%\u00bb sticky_enabled=\u00bb0&#8243;][\/et_pb_section][et_pb_section fb_built=\u00bb1&#8243; _builder_version=\u00bb4.27.4&#8243; _module_preset=\u00bbdefault\u00bb custom_padding=\u00bb||1px|||\u00bb global_colors_info=\u00bb{}\u00bb][et_pb_row _builder_version=\u00bb4.27.4&#8243; _module_preset=\u00bbdefault\u00bb global_colors_info=\u00bb{}\u00bb][et_pb_column type=\u00bb4_4&#8243; _builder_version=\u00bb4.27.4&#8243; _module_preset=\u00bbdefault\u00bb global_colors_info=\u00bb{}\u00bb][et_pb_text _builder_version=\u00bb4.27.4&#8243; _module_preset=\u00bbdefault\u00bb text_font=\u00bb|600|||||||\u00bb text_font_size=\u00bb56px\u00bb text_line_height=\u00bb1.2em\u00bb border_color_all=\u00bb#000000&#8243; border_width_bottom=\u00bb1px\u00bb global_colors_info=\u00bb{}\u00bb]<\/p>\n<p style=\"text-align: center;\">Tu Club de Padel en Sanl\u00facar<\/p>\n<p>[\/et_pb_text][\/et_pb_column][\/et_pb_row][\/et_pb_section][et_pb_section fb_built=\u00bb1&#8243; _builder_version=\u00bb4.27.4&#8243; _module_preset=\u00bbdefault\u00bb custom_padding=\u00bb3px||4px|||\u00bb global_colors_info=\u00bb{}\u00bb][et_pb_row column_structure=\u00bb1_3,2_3&#8243; _builder_version=\u00bb4.27.4&#8243; _module_preset=\u00bbdefault\u00bb width=\u00bb100%\u00bb max_width=\u00bb833px\u00bb global_colors_info=\u00bb{}\u00bb][et_pb_column type=\u00bb1_3&#8243; _builder_version=\u00bb4.27.4&#8243; _module_preset=\u00bbdefault\u00bb global_colors_info=\u00bb{}\u00bb][et_pb_text _builder_version=\u00bb4.27.4&#8243; _module_preset=\u00bbdefault\u00bb custom_margin=\u00bb|-79px||||\u00bb global_colors_info=\u00bb{}\u00bb]<\/p>\n<p style=\"text-align: justify;\"><b>El Club de P\u00e1del El Moral<\/b><span> se inaugur\u00f3 en enero de 2015 <\/span><b>despu\u00e9s de m\u00e1s de 5 a\u00f1os de duro trabajo<\/b><span> tras los cuales pas\u00f3 de ser un <\/span><b>proyecto ideado por su joven Gerente Remi<\/b><span>, a convertirse en <\/span><b>una realidad<\/b><span>. En el transcurso de ese tiempo, no se han escatimado <\/span><b>esfuerzos personales<\/b><span> ni econ\u00f3micos hasta lograr el <\/span><b>objetivo final<\/b><span> con la <\/span><b>apertura del Club<\/b><span> para <\/span><b>todo el p\u00fablico<\/b><span>amante de este deporte.<\/span><\/p>\n<p>[\/et_pb_text][et_pb_text _builder_version=\u00bb4.27.4&#8243; _module_preset=\u00bbdefault\u00bb custom_margin=\u00bb|-79px||||\u00bb global_colors_info=\u00bb{}\u00bb]<\/p>\n<p style=\"text-align: justify;\"><b>Para El Club de P\u00e1del El Moral vosotros sois el centro<\/b> y para ello <b>cuida hasta el m\u00e1s m\u00ednimo detalle<\/b> para que vuestra <b>experiencia deportiva<\/b> sea <b>inolvidable<\/b>. Como, por ejemplo, los <b>materiales de \u00faltima tecnolog\u00eda<\/b> utilizados para la construcci\u00f3n de nuestras <b>tres pistas dobles y una individual<\/b>. O la posibilidad de disfrutar en nuestra <b>Pista Central<\/b> con capacidad para <b>400 espectadores<\/b>.<\/p>\n<p style=\"text-align: justify;\">Nos encontramos en la <b>zona residencial de La Jara<\/b>, en un <b>entorno ideal<\/b> para la pr\u00e1ctica de este deporte al aire libre.<\/p>\n<p style=\"text-align: justify;\">Ven a conocernos, <b>\u00a1\u00a1te esperamos!!<\/b><\/p>\n<p>[\/et_pb_text][\/et_pb_column][et_pb_column type=\u00bb2_3&#8243; _builder_version=\u00bb4.27.4&#8243; _module_preset=\u00bbdefault\u00bb global_colors_info=\u00bb{}\u00bb][et_pb_image src=\u00bbhttps:\/\/wp.padelelmoral.com\/wp-content\/uploads\/2024\/12\/foto_remi2-3-1.jpg\u00bb alt=\u00bbfoto Remi Padel El Moral Sanlucar\u00bb title_text=\u00bbfoto Remi Padel El Moral Sanlucar\u00bb align=\u00bbcenter\u00bb _builder_version=\u00bb4.27.4&#8243; _module_preset=\u00bbdefault\u00bb width=\u00bb95.4%\u00bb custom_margin=\u00bb-14px|||0px|false|false\u00bb custom_padding=\u00bb0px|||1px||\u00bb global_colors_info=\u00bb{}\u00bb][\/et_pb_image][\/et_pb_column][\/et_pb_row][\/et_pb_section][et_pb_section fb_built=\u00bb1&#8243; _builder_version=\u00bb4.27.4&#8243; _module_preset=\u00bbdefault\u00bb hover_enabled=\u00bb0&#8243; global_colors_info=\u00bb{}\u00bb alt=\u00bbclub de padel el moral &#8211; padel en sanlucar\u00bb title_text=\u00bbclub de padel el moral &#8211; padel en sanlucar\u00bb background_image=\u00bbhttps:\/\/wp.padelelmoral.com\/wp-content\/uploads\/2024\/12\/Padel-El-Moral-31-scaled.jpg\u00bb sticky_enabled=\u00bb0&#8243; custom_padding=\u00bb||483px|||\u00bb background_position=\u00bbbottom_center\u00bb][\/et_pb_section]<\/p>\n","protected":false},"excerpt":{"rendered":"<p>Tu Club de Padel en Sanl\u00facarEl Club de P\u00e1del El Moral se inaugur\u00f3 en enero de 2015 despu\u00e9s de m\u00e1s de 5 a\u00f1os de duro trabajo tras los cuales pas\u00f3 de ser un proyecto ideado por su joven Gerente Remi, a convertirse en una realidad. En el transcurso de ese tiempo, no se han escatimado [&hellip;]<\/p>\n","protected":false},"author":1,"featured_media":0,"parent":0,"menu_order":0,"comment_status":"closed","ping_status":"closed","template":"","meta":{"_et_pb_use_builder":"on","_et_pb_old_content":"","_et_gb_content_width":"","footnotes":""},"class_list":["post-53","page","type-page","status-publish","hentry"],"_links":{"self":[{"href":"https:\/\/wp.padelelmoral.com\/index.php\/wp-json\/wp\/v2\/pages\/53","targetHints":{"allow":["GET"]}}],"collection":[{"href":"https:\/\/wp.padelelmoral.com\/index.php\/wp-json\/wp\/v2\/pages"}],"about":[{"href":"https:\/\/wp.padelelmoral.com\/index.php\/wp-json\/wp\/v2\/types\/page"}],"author":[{"embeddable":true,"href":"https:\/\/wp.padelelmoral.com\/index.php\/wp-json\/wp\/v2\/users\/1"}],"replies":[{"embeddable":true,"href":"https:\/\/wp.padelelmoral.com\/index.php\/wp-json\/wp\/v2\/comments?post=53"}],"version-history":[{"count":7,"href":"https:\/\/wp.padelelmoral.com\/index.php\/wp-json\/wp\/v2\/pages\/53\/revisions"}],"predecessor-version":[{"id":230,"href":"https:\/\/wp.padelelmoral.com\/index.php\/wp-json\/wp\/v2\/pages\/53\/revisions\/230"}],"wp:attachment":[{"href":"https:\/\/wp.padelelmoral.com\/index.php\/wp-json\/wp\/v2\/media?parent=53"}],"curies":[{"name":"wp","href":"https:\/\/api.w.org\/{rel}","templated":true}]}}