{"id":272,"date":"2026-01-28T08:56:50","date_gmt":"2026-01-28T08:56:50","guid":{"rendered":"https:\/\/wp.padelelmoral.com\/?page_id=272"},"modified":"2026-01-28T09:08:36","modified_gmt":"2026-01-28T09:08:36","slug":"politica-de-cookies","status":"publish","type":"page","link":"https:\/\/wp.padelelmoral.com\/index.php\/politica-de-cookies\/","title":{"rendered":"Pol\u00edtica de cookies"},"content":{"rendered":"<p>[et_pb_section fb_built=\u00bb1&#8243; _builder_version=\u00bb4.27.4&#8243; _module_preset=\u00bbdefault\u00bb global_colors_info=\u00bb{}\u00bb theme_builder_area=\u00bbpost_content\u00bb][et_pb_row _builder_version=\u00bb4.27.4&#8243; _module_preset=\u00bbdefault\u00bb global_colors_info=\u00bb{}\u00bb theme_builder_area=\u00bbpost_content\u00bb][et_pb_column type=\u00bb4_4&#8243; _builder_version=\u00bb4.27.4&#8243; _module_preset=\u00bbdefault\u00bb global_colors_info=\u00bb{}\u00bb theme_builder_area=\u00bbpost_content\u00bb][et_pb_text _builder_version=\u00bb4.27.4&#8243; _module_preset=\u00bbdefault\u00bb global_colors_info=\u00bb{}\u00bb theme_builder_area=\u00bbpost_content\u00bb]<\/p>\n<div class=\"et_pb_module et_pb_text et_pb_text_0  et_pb_text_align_left et_pb_bg_layout_light\">\n<div class=\"et_pb_text_inner\">\n<h2>POL\u00cdTICA DE COOKIES<\/h2>\n<\/div>\n<\/div>\n<div class=\"et_pb_module et_pb_text et_pb_text_1  et_pb_text_align_left et_pb_bg_layout_light\">\n<div class=\"et_pb_text_inner\"><\/div>\n<\/div>\n<div class=\"et_pb_module et_pb_text et_pb_text_6  et_pb_text_align_justified et_pb_bg_layout_light\">\n<div class=\"et_pb_text_inner\">\n<p><b>POL\u00cdTICA DE COOKIES<\/b><\/p>\n<p><b><\/b><\/p>\n<p>\u00a0El equipo de <b>SYNERGYA TERAPIAS INFANTILES, S.L.U le <\/b>quiere informar de que utilizamos cookies con objeto de facilitar el uso y la navegaci\u00f3n a trav\u00e9s de la p\u00e1gina web <span><a href=\"http:\/\/www.synergya.es\/\" target=\"_blank\" rel=\"noopener\">www.padelelmoral.com<\/a><\/span><\/p>\n<p><b>\u00bfQU\u00c9 SON LAS COOKIES?<span class=\"Apple-converted-space\">\u00a0<\/span><\/b><\/p>\n<p>Una cookie es un archivo que se descarga en el ordenador o dispositivo del usuario al acceder a una p\u00e1gina web con el objeto de permitir almacenar y recuperar informaci\u00f3n sobre los h\u00e1bitos de navegaci\u00f3n del usuario o de su equipo.<span class=\"Apple-converted-space\">\u00a0<\/span><\/p>\n<p>Las cookies, no s\u00f3lo van en beneficio de las empresas, sino que tambi\u00e9n permiten establecer niveles de protecci\u00f3n y seguridad, recopilar datos estad\u00edsticos y normalmente an\u00f3nimos; as\u00ed como realizar publicidad adaptadas a los intereses de los usuarios. <span class=\"Apple-converted-space\">\u00a0<\/span><\/p>\n<p><b>TIPOS DE COOKIES<\/b><\/p>\n<p>Las cookies pueden clasificarse en atenci\u00f3n a distintos funcionamientos y par\u00e1metros, algunas de las clasificaciones m\u00e1s usuales son estas:<span class=\"Apple-converted-space\">\u00a0<\/span><\/p>\n<p>En base al <b>PLAZO DE TIEMPO<\/b> que permanecen activadas en el equipo:<span class=\"Apple-converted-space\">\u00a0<\/span><\/p>\n<ul>\n<li><span><\/span><b>Cookies de sesi\u00f3n: <\/b>son un tipo de cookies dise\u00f1adas para recabar y almacenar datos mientras el usuario accede a una p\u00e1gina web. Es decir, estas cookies se almacenan en el equipo del usuario hasta que finalice la sesi\u00f3n de navegaci\u00f3n.<span class=\"Apple-converted-space\">\u00a0<\/span><\/li>\n<li><span><\/span><b>Cookies persistentes: <\/b>son aquellas en las que los datos siguen almacenados en el equipo y pueden ser accedidos y tratados durante un periodo definido por el responsable de la cookie, y que puede ir de unos minutos a varios a\u00f1os.<span class=\"Apple-converted-space\">\u00a0<\/span><\/li>\n<\/ul>\n<p>En atenci\u00f3n a su <b>FINALIDAD<\/b>:<span class=\"Apple-converted-space\">\u00a0<\/span><\/p>\n<ul>\n<li><b>Anal\u00edticas: <\/b>recogen informaci\u00f3n del uso que se realiza del sitio web<span class=\"Apple-converted-space\">\u00a0<\/span><\/li>\n<li><b>Sociales: <\/b>son aquellas necesarias para redes sociales externas<span class=\"Apple-converted-space\">\u00a0<\/span><\/li>\n<li><b>Afiliados: <\/b>permiten hacer un seguimiento de las visitas procedentes de otras webs con las que el sitio web establece un contrato de afiliaci\u00f3n<\/li>\n<li><b>Publicidad y comportamentales: <\/b>recogen informaci\u00f3n sobre las preferencias y elecciones personales del usuario<\/li>\n<li><b>T\u00e9cnicas y funcionales: <\/b>son las estrictamente necesarias para el uso del sitio web y para la prestaci\u00f3n del servicio contratado<span class=\"Apple-converted-space\">\u00a0<\/span><\/li>\n<\/ul>\n<p>Por su<b> GESTI\u00d3N:<\/b><\/p>\n<ul>\n<li><span><\/span><b>Cookies propias:<\/b> Son aqu\u00e9llas que se env\u00edan al equipo terminal del usuario desde un equipo o dominio gestionado por el propio editor y desde el que se presta el servicio solicitado por el usuario.<\/li>\n<li><span><\/span><b>Cookies de tercero<\/b>: Son aqu\u00e9llas que se env\u00edan al equipo terminal del usuario desde un equipo o dominio que no es gestionado por el editor, sino por otra entidad que trata los datos obtenidos trav\u00e9s de las cookies.<\/li>\n<\/ul>\n<p>&nbsp;<\/p>\n<p><b>\u00bfQU\u00c9 COOKIES UTILIZAMOS?<\/b><b><\/b><\/p>\n<p>En <b>Padel El Moral: <\/b><span><b><a href=\"http:\/\/www.synergya.es\/\" target=\"_blank\" rel=\"noopener\">www.padelelmoral.com<\/a>\u00a0<\/b><\/span>utilizamos \u00fanicamente cookies de an\u00e1lisis, t\u00e9cnicas y de personalizaci\u00f3n, que nos permiten la anal\u00edtica sistem\u00e1tica de nuestra web y flujos de entrada de manera an\u00f3nima, as\u00ed como la mejora de la experiencia del usuario en nuestra web. Usamos cookies propias y cookies de terceros. <span class=\"Apple-converted-space\">\u00a0<\/span><\/p>\n<p>&nbsp;<\/p>\n<p>Las cookies con las que cuenta <b>esta web<\/b> son las siguientes:<\/p>\n<table cellspacing=\"0\" cellpadding=\"0\">\n<tbody>\n<tr>\n<td valign=\"top\">\n<p>COOKIE<\/p>\n<\/td>\n<td valign=\"top\">\n<p>RECEPTOR<\/p>\n<\/td>\n<td valign=\"top\">\n<p>TIPO<\/p>\n<\/td>\n<td valign=\"top\">\n<p>FINALIDAD<\/p>\n<\/td>\n<td valign=\"top\">\n<p>M\u00c1S INFORMACI\u00d3N<\/p>\n<\/td>\n<td valign=\"top\">\n<p>DURACI\u00d3N<\/p>\n<\/td>\n<\/tr>\n<tr>\n<td valign=\"top\">\n<p>Ar_debug<\/p>\n<\/td>\n<td valign=\"top\">\n<p>region1.google analytics.com<\/p>\n<\/td>\n<td valign=\"top\">\n<p>T\u00e9cnica y funcional<span class=\"Apple-converted-space\">\u00a0<\/span><\/p>\n<\/td>\n<td valign=\"top\">\n<p>Cookie necesaria para la utilizaci\u00f3n de las opciones y servicios del sitio web.<span class=\"Apple-converted-space\">\u00a0<\/span><\/p>\n<\/td>\n<td valign=\"top\">\n<p>Pol\u00edtica<span class=\"Apple-converted-space\">\u00a0<\/span><\/p>\n<\/td>\n<td valign=\"top\">\n<p>En 6 d\u00edas<\/p>\n<\/td>\n<\/tr>\n<tr>\n<td valign=\"top\">\n<p>_ga_SN1GJXH92C<\/p>\n<\/td>\n<td valign=\"top\">\n<p>\u00a0padelelmoral.com<\/p>\n<\/td>\n<td valign=\"top\">\n<p>T\u00e9cnica y funcional<span class=\"Apple-converted-space\">\u00a0<\/span><\/p>\n<\/td>\n<td valign=\"top\">\n<p>Cookie necesaria para la utilizaci\u00f3n de las opciones y servicios del sitio web.<\/p>\n<\/td>\n<td valign=\"top\">\n<p>Pol\u00edtica<span class=\"Apple-converted-space\">\u00a0<\/span><\/p>\n<\/td>\n<td valign=\"top\">\n<p>En un a\u00f1o<span class=\"Apple-converted-space\">\u00a0<\/span><\/p>\n<\/td>\n<\/tr>\n<tr>\n<td valign=\"top\">\n<p>moove_gdpr_popup<\/p>\n<\/td>\n<td valign=\"top\">\n<p>padelelmoral.com<\/p>\n<\/td>\n<td valign=\"top\">\n<p>T\u00e9cnica y funcional<\/p>\n<\/td>\n<td valign=\"top\">\n<p>Cookie necesaria para la utilizaci\u00f3n de las opciones y servicios del sitio web.<\/p>\n<p>&nbsp;<\/p>\n<\/td>\n<td valign=\"top\">\n<p>Pol\u00edtica<span class=\"Apple-converted-space\">\u00a0<\/span><\/p>\n<\/td>\n<td valign=\"top\">\n<p>En un a\u00f1o<span class=\"Apple-converted-space\">\u00a0<\/span><\/p>\n<\/td>\n<\/tr>\n<tr>\n<td valign=\"top\">\n<p>_ga<\/p>\n<\/td>\n<td valign=\"top\">\n<p>Google Analytics<\/p>\n<p>&nbsp;<\/p>\n<\/td>\n<td valign=\"top\">\n<p>Anal\u00edtica<\/p>\n<\/td>\n<td valign=\"top\">\n<p>ID utiliza para identificar a los usuarios<\/p>\n<\/td>\n<td valign=\"top\">\n<p>Pol\u00edtica<span class=\"Apple-converted-space\">\u00a0<\/span><\/p>\n<\/td>\n<td valign=\"top\">\n<p>En un a\u00f1o<\/p>\n<\/td>\n<\/tr>\n<\/tbody>\n<\/table>\n<p>&nbsp;<\/p>\n<p>La mayor\u00eda de las cookies de an\u00e1lisis son propiedad de <b>Google Analytics y Google Ads<\/b>, nos permiten analizar y adaptar la web a los comportamientos derivados del tr\u00e1fico, con datos estad\u00edsticos absolutamente abstracto para <b>PADEL EL MORAL.<span class=\"Apple-converted-space\">\u00a0<\/span><\/b><b><\/b><\/p>\n<p>Si desean m\u00e1s informaci\u00f3n sobre la pol\u00edtica de cookies, pueden hacerlo en el siguiente enlace: <a href=\"https:\/\/policies.google.com\/privacy?hl=en\" target=\"_blank\" rel=\"noopener\"><span>https:\/\/policies.google.com\/privacy?hl=en<\/span><\/a>.<span class=\"Apple-converted-space\">\u00a0<\/span><\/p>\n<p>&nbsp;<\/p>\n<p><b>DESACTIVACI\u00d3N DE COOKIES<\/b><\/p>\n<p>Las cookies pueden ser deshabilitadas, borradas y desactivadas, seg\u00fan el navegador utilizados, a continuaci\u00f3n, pueden consultar las instrucciones para los principales navegadores.<span class=\"Apple-converted-space\">\u00a0<\/span><\/p>\n<ul>\n<li><span>Chrome. <a href=\"https:\/\/support.google.com\/chrome\/answer\/95647?hl=es\" target=\"_blank\" rel=\"noopener\">https:\/\/support.google.com\/chrome\/answer\/95647?hl=es<\/a><span class=\"Apple-converted-space\">\u00a0<\/span><\/span><\/li>\n<li><span>Firefox. <a href=\"https:\/\/support.mozilla.org\/es\/kb\/habilitar-y-deshabilitar-cookies-sitios-web-rastrear-preferencias?redirectlocale=es&amp;redirectslug=habilitar-y-deshabilitar-cookies-que-los-sitios-we\" target=\"_blank\" rel=\"noopener\">https:\/\/support.mozilla.org\/es\/kb\/habilitar-y-deshabilitar-cookies-sitios-web-rastrear-preferencias?redirectlocale=es&amp;redirectslug=habilitar-y-deshabilitar-cookies-que-los-sitios-we<\/a><span class=\"Apple-converted-space\">\u00a0<\/span><\/span><\/li>\n<li><span>Explorer.<a href=\"https:\/\/support.microsoft.com\/es-es\/help\/17442\/windows-internet-explorer-delete-manage-cookies#ie=ie-11\" target=\"_blank\" rel=\"noopener\">https:\/\/support.microsoft.com\/es-es\/help\/17442\/windows-internet-explorer-delete-manage-cookies#ie=ie-11<\/a><span class=\"Apple-converted-space\">\u00a0<\/span><\/span><\/li>\n<li><span>Safari para IPhone IPad o IPod:<span class=\"Apple-converted-space\">\u00a0 <\/span><a href=\"https:\/\/support.apple.com\/es-es\/HT201265\" target=\"_blank\" rel=\"noopener\">https:\/\/support.apple.com\/es-es\/HT201265<\/a><span class=\"Apple-converted-space\">\u00a0<\/span><\/span><\/li>\n<li><span>Opera: <a href=\"https:\/\/help.opera.com\/es\/Windows\/11.50\/es-ES\/cookies.html\" target=\"_blank\" rel=\"noopener\">https:\/\/help.opera.com\/es\/Windows\/11.50\/es-ES\/cookies.html<\/a><span class=\"Apple-converted-space\">\u00a0<\/span><\/span><\/li>\n<li><span>Safari para MAC <a href=\"https:\/\/support.apple.com\/es-es\/guide\/safari\/sfri11471\/mac\" target=\"_blank\" rel=\"noopener\">https:\/\/support.apple.com\/es-es\/guide\/safari\/sfri11471\/mac<\/a><span class=\"Apple-converted-space\">\u00a0<\/span><\/span><\/li>\n<li><span>Windows 10: Microsoft Edge. <a href=\"https:\/\/support.microsoft.com\/es-es\/help\/17442\/windows-internet-explorer-delete-manage-cookies\" target=\"_blank\" rel=\"noopener\">https:\/\/support.microsoft.com\/es-es\/help\/17442\/windows-internet-explorer-delete-manage-cookies<\/a><span class=\"Apple-converted-space\">\u00a0<\/span><\/span><\/li>\n<\/ul>\n<p>&nbsp;<\/p>\n<p>Tambi\u00e9n, existe la posibilidad de desactivar las cookies de Google Analytics, instalando el complemento siguiente: <a href=\"https:\/\/tools.google.com\/dlpage\/gaoptout\/?hl=es\" target=\"_blank\" rel=\"noopener\"><span>https:\/\/tools.google.com\/dlpage\/gaoptout\/?hl=es<\/span><\/a><span class=\"Apple-converted-space\">\u00a0<\/span><\/p>\n<p>&nbsp;<\/p>\n<p><b>EXENCIONES DE RESPONSABILIDAD<\/b><\/p>\n<p><b>PADEL EL MORAL<\/b>\u00a0no se hace responsable del contenido, ni de la veracidad, ni de la actualizaci\u00f3n de las pol\u00edticas de privacidad que puedan tener los referidos anteriormente, ya que son ellos los directamente responsable de su legalidad.<\/p>\n<p>Si desea tener un mayor control sobre la instalaci\u00f3n de cookies, puede instalar programas o complementos a su navegador, conocidos como herramientas de \u201cDo Not Track\u201d, que le permitir\u00e1n escoger aquellas cookies que desea permitir.<\/p>\n<p>&nbsp;<\/p>\n<p><b>DERECHO A MODIFICAR POL\u00cdTICAS DE COOKIES<\/b><\/p>\n<p><b>SYNERGYA<\/b> se guarda todos los derechos a modificar su pol\u00edtica de privacidad sin el previo aviso de la misma.<span class=\"Apple-converted-space\">\u00a0<\/span><\/p>\n<p>&nbsp;<\/p>\n<p><b>\u00daLTIMA ACTUALIZACI\u00d3N 9 DE MAYO DE 2025<\/b><\/p>\n<\/div>\n<\/div>\n<p>[\/et_pb_text][\/et_pb_column][\/et_pb_row][\/et_pb_section]<\/p>\n","protected":false},"excerpt":{"rendered":"<p>POL\u00cdTICA DE COOKIES POL\u00cdTICA DE COOKIES \u00a0El equipo de SYNERGYA TERAPIAS INFANTILES, S.L.U le quiere informar de que utilizamos cookies con objeto de facilitar el uso y la navegaci\u00f3n a trav\u00e9s de la p\u00e1gina web www.padelelmoral.com \u00bfQU\u00c9 SON LAS COOKIES?\u00a0 Una cookie es un archivo que se descarga en el ordenador o dispositivo del usuario [&hellip;]<\/p>\n","protected":false},"author":2,"featured_media":0,"parent":0,"menu_order":0,"comment_status":"closed","ping_status":"closed","template":"","meta":{"_et_pb_use_builder":"on","_et_pb_old_content":"","_et_gb_content_width":"","footnotes":""},"class_list":["post-272","page","type-page","status-publish","hentry"],"_links":{"self":[{"href":"https:\/\/wp.padelelmoral.com\/index.php\/wp-json\/wp\/v2\/pages\/272","targetHints":{"allow":["GET"]}}],"collection":[{"href":"https:\/\/wp.padelelmoral.com\/index.php\/wp-json\/wp\/v2\/pages"}],"about":[{"href":"https:\/\/wp.padelelmoral.com\/index.php\/wp-json\/wp\/v2\/types\/page"}],"author":[{"embeddable":true,"href":"https:\/\/wp.padelelmoral.com\/index.php\/wp-json\/wp\/v2\/users\/2"}],"replies":[{"embeddable":true,"href":"https:\/\/wp.padelelmoral.com\/index.php\/wp-json\/wp\/v2\/comments?post=272"}],"version-history":[{"count":2,"href":"https:\/\/wp.padelelmoral.com\/index.php\/wp-json\/wp\/v2\/pages\/272\/revisions"}],"predecessor-version":[{"id":276,"href":"https:\/\/wp.padelelmoral.com\/index.php\/wp-json\/wp\/v2\/pages\/272\/revisions\/276"}],"wp:attachment":[{"href":"https:\/\/wp.padelelmoral.com\/index.php\/wp-json\/wp\/v2\/media?parent=272"}],"curies":[{"name":"wp","href":"https:\/\/api.w.org\/{rel}","templated":true}]}}