{"id":12,"date":"2024-12-09T11:21:27","date_gmt":"2024-12-09T11:21:27","guid":{"rendered":"https:\/\/wp.padelelmoral.com\/?page_id=12"},"modified":"2024-12-19T11:33:23","modified_gmt":"2024-12-19T11:33:23","slug":"inicio","status":"publish","type":"page","link":"https:\/\/wp.padelelmoral.com\/","title":{"rendered":"Inicio"},"content":{"rendered":"<p>[et_pb_section fb_built=\u00bb1&#8243; _builder_version=\u00bb4.27.4&#8243; _module_preset=\u00bbdefault\u00bb background_color=\u00bbRGBA(255,255,255,0)\u00bb background_image=\u00bbhttps:\/\/wp.padelelmoral.com\/wp-content\/uploads\/2024\/12\/Padel-El-Moral-20-scaled.jpg\u00bb min_height=\u00bb320px\u00bb custom_margin=\u00bb-65px||||false|false\u00bb hover_enabled=\u00bb0&#8243; global_colors_info=\u00bb{}\u00bb alt=\u00bbclub de padel el moral &#8211; padel en sanlucar\u00bb title_text=\u00bbclub de padel el moral &#8211; padel en sanlucar\u00bb background_position=\u00bbbottom_center\u00bb background_vertical_offset=\u00bb30%\u00bb sticky_enabled=\u00bb0&#8243;][\/et_pb_section][et_pb_section fb_built=\u00bb1&#8243; _builder_version=\u00bb4.27.4&#8243; _module_preset=\u00bbdefault\u00bb background_image=\u00bbhttps:\/\/wp.padelelmoral.com\/wp-content\/uploads\/2024\/12\/logo_movil-ALFA.png\u00bb background_size=\u00bbinitial\u00bb background_position=\u00bbcenter_left\u00bb background_horizontal_offset=\u00bb-4%\u00bb global_colors_info=\u00bb{}\u00bb][et_pb_row _builder_version=\u00bb4.27.4&#8243; _module_preset=\u00bbdefault\u00bb global_colors_info=\u00bb{}\u00bb][et_pb_column type=\u00bb4_4&#8243; _builder_version=\u00bb4.27.4&#8243; _module_preset=\u00bbdefault\u00bb global_colors_info=\u00bb{}\u00bb][et_pb_text _builder_version=\u00bb4.27.4&#8243; _module_preset=\u00bbdefault\u00bb text_font=\u00bbAlbert Sans|700|||||||\u00bb text_text_color=\u00bb#000000&#8243; text_font_size=\u00bb52px\u00bb text_line_height=\u00bb1em\u00bb header_font_size=\u00bb1px\u00bb text_orientation=\u00bbcenter\u00bb global_colors_info=\u00bb{}\u00bb]<\/p>\n<p data-pm-slice=\"1 1 []\">Bienvenidos a Club de P\u00e1del El Moral<span><\/span><\/p>\n<p>[\/et_pb_text][et_pb_text _builder_version=\u00bb4.27.4&#8243; _module_preset=\u00bbdefault\u00bb text_font_size=\u00bb20px\u00bb text_line_height=\u00bb1.2em\u00bb global_colors_info=\u00bb{}\u00bb]<\/p>\n<p style=\"text-align: justify;\"><span>\u00a1Bienvenidos a nuestro club! En el <\/span><span><strong>Club de P\u00e1del El Moral<\/strong><\/span><span> nos apasiona el deporte, la comunidad y el buen ambiente. Nos encontramos en <\/span><span><strong>Sanl\u00facar de Barrameda<\/strong><\/span><span>, un lugar privilegiado para disfrutar del deporte al aire libre y compartir momentos inolvidables.<\/span><\/p>\n<p>[\/et_pb_text][\/et_pb_column][\/et_pb_row][et_pb_row _builder_version=\u00bb4.27.4&#8243; _module_preset=\u00bbdefault\u00bb global_colors_info=\u00bb{}\u00bb][et_pb_column type=\u00bb4_4&#8243; _builder_version=\u00bb4.27.4&#8243; _module_preset=\u00bbdefault\u00bb global_colors_info=\u00bb{}\u00bb][et_pb_divider color=\u00bb#004dba\u00bb _builder_version=\u00bb4.27.4&#8243; _module_preset=\u00bbdefault\u00bb width=\u00bb47%\u00bb module_alignment=\u00bbcenter\u00bb global_colors_info=\u00bb{}\u00bb][\/et_pb_divider][\/et_pb_column][\/et_pb_row][et_pb_row column_structure=\u00bb1_2,1_2&#8243; _builder_version=\u00bb4.27.4&#8243; _module_preset=\u00bbdefault\u00bb global_colors_info=\u00bb{}\u00bb][et_pb_column type=\u00bb1_2&#8243; _builder_version=\u00bb4.27.4&#8243; _module_preset=\u00bbdefault\u00bb global_colors_info=\u00bb{}\u00bb][et_pb_text _builder_version=\u00bb4.27.4&#8243; _module_preset=\u00bbdefault\u00bb text_font=\u00bbAlbert Sans|700|||||||\u00bb text_text_color=\u00bb#000000&#8243; text_font_size=\u00bb55px\u00bb text_line_height=\u00bb1em\u00bb header_font_size=\u00bb1px\u00bb global_colors_info=\u00bb{}\u00bb]<\/p>\n<p>Tu punto de encuentro en Sanl\u00facar para jugar a p\u00e1del<\/p>\n<p>[\/et_pb_text][et_pb_text _builder_version=\u00bb4.27.4&#8243; _module_preset=\u00bbdefault\u00bb text_font_size=\u00bb20px\u00bb text_line_height=\u00bb1.2em\u00bb global_colors_info=\u00bb{}\u00bb]<\/p>\n<p style=\"text-align: justify;\"><span>En el <\/span><span><strong>Club de P\u00e1del El Moral<\/strong><\/span><span> nos apasiona el deporte, la comunidad y el buen ambiente. Nos encontramos en <\/span><span><strong>Sanl\u00facar de Barrameda<\/strong><\/span><span>, un lugar privilegiado para disfrutar del deporte al aire libre y compartir momentos inolvidables.<\/span><\/p>\n<p>[\/et_pb_text][\/et_pb_column][et_pb_column type=\u00bb1_2&#8243; _builder_version=\u00bb4.27.4&#8243; _module_preset=\u00bbdefault\u00bb global_colors_info=\u00bb{}\u00bb][et_pb_image src=\u00bbhttps:\/\/wp.padelelmoral.com\/wp-content\/uploads\/2024\/12\/Padel-El-Moral-1-scaled.jpg\u00bb alt=\u00bbentrada de club de padel el moral en sanlucar\u00bb title_text=\u00bbentrada de club de padel el moral en sanlucar\u00bb _builder_version=\u00bb4.27.4&#8243; _module_preset=\u00bbdefault\u00bb hover_enabled=\u00bb0&#8243; global_colors_info=\u00bb{}\u00bb sticky_enabled=\u00bb0&#8243;][\/et_pb_image][\/et_pb_column][\/et_pb_row][et_pb_row _builder_version=\u00bb4.27.4&#8243; _module_preset=\u00bbdefault\u00bb global_colors_info=\u00bb{}\u00bb][et_pb_column type=\u00bb4_4&#8243; _builder_version=\u00bb4.27.4&#8243; _module_preset=\u00bbdefault\u00bb global_colors_info=\u00bb{}\u00bb][et_pb_button button_url=\u00bbhttps:\/\/maps.app.goo.gl\/A8kKdDxJSFg4VLTA9&#8243; button_text=\u00bbC\u00d3MO LLEGAR\u00bb button_alignment=\u00bbcenter\u00bb _builder_version=\u00bb4.27.4&#8243; _module_preset=\u00bbdefault\u00bb custom_button=\u00bbon\u00bb button_text_size=\u00bb18px\u00bb button_text_color=\u00bb#FFFFFF\u00bb button_bg_color=\u00bb#0C71C3&#8243; button_border_width=\u00bb0px\u00bb button_border_radius=\u00bb0px\u00bb button_use_icon=\u00bboff\u00bb global_colors_info=\u00bb{}\u00bb][\/et_pb_button][\/et_pb_column][\/et_pb_row][\/et_pb_section][et_pb_section fb_built=\u00bb1&#8243; _builder_version=\u00bb4.27.4&#8243; _module_preset=\u00bbdefault\u00bb background_image=\u00bbhttps:\/\/wp.padelelmoral.com\/wp-content\/uploads\/2024\/12\/Padel-El-Moral-25-scaled.jpg\u00bb parallax=\u00bbon\u00bb custom_padding=\u00bb||120px|||\u00bb hover_enabled=\u00bb0&#8243; global_colors_info=\u00bb{}\u00bb alt=\u00bbinstalaciones club de padel el moral sanlucar\u00bb title_text=\u00bbinstalaciones club de padel el moral sanlucar\u00bb sticky_enabled=\u00bb0&#8243;][et_pb_row _builder_version=\u00bb4.27.4&#8243; _module_preset=\u00bbdefault\u00bb custom_padding=\u00bb||60px|||\u00bb global_colors_info=\u00bb{}\u00bb custom_margin=\u00bb159px|auto||auto||\u00bb][et_pb_column type=\u00bb4_4&#8243; _builder_version=\u00bb4.27.4&#8243; _module_preset=\u00bbdefault\u00bb global_colors_info=\u00bb{}\u00bb][et_pb_text _builder_version=\u00bb4.27.4&#8243; _module_preset=\u00bbdefault\u00bb text_font=\u00bbAlbert Sans|700|||||||\u00bb text_text_color=\u00bb#000000&#8243; text_font_size=\u00bb55px\u00bb text_line_height=\u00bb1em\u00bb header_font_size=\u00bb1px\u00bb text_text_shadow_style=\u00bbpreset3&#8243; text_text_shadow_color=\u00bb#1949b7&#8243; global_colors_info=\u00bb{}\u00bb]<\/p>\n<p style=\"text-align: center;\"><span style=\"color: #ffffff;\">Echa un vistazo a nuestras instalaciones<\/span><\/p>\n<p>[\/et_pb_text][et_pb_text _builder_version=\u00bb4.27.4&#8243; _module_preset=\u00bbdefault\u00bb text_text_color=\u00bb#FFFFFF\u00bb text_font_size=\u00bb24px\u00bb text_line_height=\u00bb1.2em\u00bb text_text_shadow_style=\u00bbpreset3&#8243; text_text_shadow_color=\u00bb#000000&#8243; global_colors_info=\u00bb{}\u00bb]<\/p>\n<p style=\"text-align: center;\">Unas instalaciones con todo lo necesario\u00a0<\/p>\n<p>[\/et_pb_text][et_pb_button button_text=\u00bbVER LAS INSTALACIONES\u00bb button_alignment=\u00bbcenter\u00bb _builder_version=\u00bb4.27.4&#8243; _module_preset=\u00bbdefault\u00bb custom_button=\u00bbon\u00bb button_text_color=\u00bb#000000&#8243; button_bg_color=\u00bb#f2eb21&#8243; button_border_color=\u00bbRGBA(255,255,255,0)\u00bb button_border_radius=\u00bb0px\u00bb button_font=\u00bb|700|||||||\u00bb button_use_icon=\u00bboff\u00bb global_colors_info=\u00bb{}\u00bb][\/et_pb_button][\/et_pb_column][\/et_pb_row][\/et_pb_section][et_pb_section fb_built=\u00bb1&#8243; _builder_version=\u00bb4.27.4&#8243; _module_preset=\u00bbdefault\u00bb custom_margin=\u00bb||-2px|||\u00bb custom_padding=\u00bb||0px|||\u00bb global_colors_info=\u00bb{}\u00bb][et_pb_row _builder_version=\u00bb4.27.4&#8243; _module_preset=\u00bbdefault\u00bb global_colors_info=\u00bb{}\u00bb][et_pb_column type=\u00bb4_4&#8243; _builder_version=\u00bb4.27.4&#8243; _module_preset=\u00bbdefault\u00bb global_colors_info=\u00bb{}\u00bb][et_pb_text _builder_version=\u00bb4.27.4&#8243; _module_preset=\u00bbdefault\u00bb text_font=\u00bbAlbert Sans|700|||||||\u00bb text_text_color=\u00bb#000000&#8243; text_font_size=\u00bb55px\u00bb text_line_height=\u00bb1em\u00bb header_font_size=\u00bb1px\u00bb global_colors_info=\u00bb{}\u00bb]<\/p>\n<p style=\"text-align: center;\">Actividad para todos los niveles<\/p>\n<p>[\/et_pb_text][\/et_pb_column][\/et_pb_row][et_pb_row column_structure=\u00bb1_3,1_3,1_3&#8243; _builder_version=\u00bb4.27.4&#8243; _module_preset=\u00bbdefault\u00bb global_colors_info=\u00bb{}\u00bb][et_pb_column type=\u00bb1_3&#8243; _builder_version=\u00bb4.27.4&#8243; _module_preset=\u00bbdefault\u00bb global_colors_info=\u00bb{}\u00bb][et_pb_blurb title=\u00bbClases para principiantes y avanzados\u00bb use_icon=\u00bbon\u00bb font_icon=\u00bb&#xf433;||fa||900&#8243; icon_color=\u00bb#0095d6&#8243; _builder_version=\u00bb4.27.4&#8243; _module_preset=\u00bbdefault\u00bb text_orientation=\u00bbcenter\u00bb global_colors_info=\u00bb{}\u00bb]<\/p>\n<p data-pm-slice=\"1 1 [&quot;list&quot;,{&quot;spread&quot;:false,&quot;start&quot;:646,&quot;end&quot;:1029},&quot;regular_list_item&quot;,{&quot;start&quot;:646,&quot;end&quot;:794}]\"><span>Mejora tu t\u00e9cnica y descubre la pasi\u00f3n por el p\u00e1del con la ayuda de nuestros entrenadores certificados.<\/span><\/p>\n<p>[\/et_pb_blurb][\/et_pb_column][et_pb_column type=\u00bb1_3&#8243; _builder_version=\u00bb4.27.4&#8243; _module_preset=\u00bbdefault\u00bb global_colors_info=\u00bb{}\u00bb][et_pb_blurb title=\u00bbLigas y torneos\u00bb use_icon=\u00bbon\u00bb font_icon=\u00bb&#xf091;||fa||900&#8243; icon_color=\u00bb#0095d6&#8243; _builder_version=\u00bb4.27.4&#8243; _module_preset=\u00bbdefault\u00bb text_orientation=\u00bbcenter\u00bb global_colors_info=\u00bb{}\u00bb]<\/p>\n<p data-pm-slice=\"1 1 [&quot;list&quot;,{&quot;spread&quot;:false,&quot;start&quot;:646,&quot;end&quot;:1029},&quot;regular_list_item&quot;,{&quot;start&quot;:795,&quot;end&quot;:913}]\"><span>Participa en competiciones emocionantes y mide tu nivel contra otros jugadores de la comunidad.<\/span><\/p>\n<p>[\/et_pb_blurb][\/et_pb_column][et_pb_column type=\u00bb1_3&#8243; _builder_version=\u00bb4.27.4&#8243; _module_preset=\u00bbdefault\u00bb global_colors_info=\u00bb{}\u00bb][et_pb_blurb title=\u00bbEventos sociales y familiares\u00bb use_icon=\u00bbon\u00bb font_icon=\u00bb&#xf086;||fa||900&#8243; icon_color=\u00bb#0095d6&#8243; _builder_version=\u00bb4.27.4&#8243; _module_preset=\u00bbdefault\u00bb text_orientation=\u00bbcenter\u00bb global_colors_info=\u00bb{}\u00bb]<\/p>\n<p data-pm-slice=\"1 1 [&quot;list&quot;,{&quot;spread&quot;:false,&quot;start&quot;:646,&quot;end&quot;:1029},&quot;regular_list_item&quot;,{&quot;start&quot;:914,&quot;end&quot;:1029}]\"><span>M\u00e1s que un club, somos un lugar de encuentro para toda la familia.<\/span><\/p>\n<p>[\/et_pb_blurb][\/et_pb_column][\/et_pb_row][\/et_pb_section][et_pb_section fb_built=\u00bb1&#8243; prev_background_color=\u00bb#ffffff\u00bb next_background_color=\u00bb#ffffff\u00bb _builder_version=\u00bb4.27.4&#8243; _module_preset=\u00bbdefault\u00bb background_color=\u00bb#1766aa\u00bb background_image=\u00bbhttps:\/\/wp.padelelmoral.com\/wp-content\/uploads\/2024\/12\/index_4.jpg\u00bb parallax=\u00bbon\u00bb top_divider_style=\u00bbslant2&#8243; bottom_divider_style=\u00bbslant2&#8243; global_colors_info=\u00bb{}\u00bb][et_pb_row _builder_version=\u00bb4.27.4&#8243; _module_preset=\u00bbdefault\u00bb custom_padding=\u00bb||60px|||\u00bb global_colors_info=\u00bb{}\u00bb][et_pb_column type=\u00bb4_4&#8243; _builder_version=\u00bb4.27.4&#8243; _module_preset=\u00bbdefault\u00bb global_colors_info=\u00bb{}\u00bb][et_pb_text _builder_version=\u00bb4.27.4&#8243; _module_preset=\u00bbdefault\u00bb text_font=\u00bbAlbert Sans|700|||||||\u00bb text_text_color=\u00bb#000000&#8243; text_font_size=\u00bb55px\u00bb text_line_height=\u00bb1em\u00bb header_font_size=\u00bb1px\u00bb text_text_shadow_style=\u00bbpreset3&#8243; text_text_shadow_color=\u00bb#1949b7&#8243; global_colors_info=\u00bb{}\u00bb]<\/p>\n<p style=\"text-align: center;\"><span style=\"color: #ffffff;\">No te hace falta ser soci@<\/span><\/p>\n<p>[\/et_pb_text][et_pb_text _builder_version=\u00bb4.27.4&#8243; _module_preset=\u00bbdefault\u00bb text_text_color=\u00bb#FFFFFF\u00bb text_font_size=\u00bb20px\u00bb text_line_height=\u00bb1.2em\u00bb text_text_shadow_style=\u00bbpreset3&#8243; text_text_shadow_color=\u00bb#000000&#8243; global_colors_info=\u00bb{}\u00bb]<\/p>\n<p style=\"text-align: center;\">Disfruta del Club de Padel El Moral sin la necesidad de ser soci@<\/p>\n<p>[\/et_pb_text][et_pb_button button_text=\u00bbQUIERO M\u00c1S INFORMACI\u00d3N\u00bb button_alignment=\u00bbcenter\u00bb _builder_version=\u00bb4.27.4&#8243; _module_preset=\u00bbdefault\u00bb custom_button=\u00bbon\u00bb button_text_color=\u00bb#000000&#8243; button_bg_color=\u00bb#f2eb21&#8243; button_border_color=\u00bbRGBA(255,255,255,0)\u00bb button_border_radius=\u00bb0px\u00bb button_font=\u00bb|700|||||||\u00bb button_use_icon=\u00bboff\u00bb global_colors_info=\u00bb{}\u00bb][\/et_pb_button][\/et_pb_column][\/et_pb_row][\/et_pb_section][et_pb_section fb_built=\u00bb1&#8243; _builder_version=\u00bb4.27.4&#8243; _module_preset=\u00bbdefault\u00bb custom_padding=\u00bb||5px|||\u00bb global_colors_info=\u00bb{}\u00bb][et_pb_row _builder_version=\u00bb4.27.4&#8243; _module_preset=\u00bbdefault\u00bb global_colors_info=\u00bb{}\u00bb][et_pb_column type=\u00bb4_4&#8243; _builder_version=\u00bb4.27.4&#8243; _module_preset=\u00bbdefault\u00bb global_colors_info=\u00bb{}\u00bb][et_pb_text _builder_version=\u00bb4.27.4&#8243; _module_preset=\u00bbdefault\u00bb text_font=\u00bbAlbert Sans|700|||||||\u00bb text_text_color=\u00bb#000000&#8243; text_font_size=\u00bb55px\u00bb text_line_height=\u00bb1em\u00bb header_font_size=\u00bb1px\u00bb global_colors_info=\u00bb{}\u00bb]<\/p>\n<p style=\"text-align: center;\">\u00bfPor qu\u00e9 elegir Padel El Moral?<\/p>\n<p>[\/et_pb_text][\/et_pb_column][\/et_pb_row][et_pb_row column_structure=\u00bb1_4,1_4,1_4,1_4&#8243; _builder_version=\u00bb4.27.4&#8243; _module_preset=\u00bbdefault\u00bb global_colors_info=\u00bb{}\u00bb][et_pb_column type=\u00bb1_4&#8243; _builder_version=\u00bb4.27.4&#8243; _module_preset=\u00bbdefault\u00bb background_enable_color=\u00bboff\u00bb global_colors_info=\u00bb{}\u00bb][et_pb_blurb title=\u00bbComunidad\u00bb image=\u00bbhttps:\/\/wp.padelelmoral.com\/wp-content\/uploads\/2024\/12\/logo_movil.png\u00bb image_icon_width=\u00bb51%\u00bb _builder_version=\u00bb4.27.4&#8243; _module_preset=\u00bbdefault\u00bb header_font=\u00bb&#8211;et_global_body_font|700|||||||\u00bb text_orientation=\u00bbcenter\u00bb global_colors_info=\u00bb{}\u00bb]<\/p>\n<p><span>Conoce a otros apasionados del p\u00e1del y haz amigos mientras disfrutas del deporte.<\/span><\/p>\n<p>[\/et_pb_blurb][\/et_pb_column][et_pb_column type=\u00bb1_4&#8243; _builder_version=\u00bb4.27.4&#8243; _module_preset=\u00bbdefault\u00bb background_enable_color=\u00bboff\u00bb global_colors_info=\u00bb{}\u00bb][et_pb_blurb title=\u00bbInstalaciones\u00bb image=\u00bbhttps:\/\/wp.padelelmoral.com\/wp-content\/uploads\/2024\/12\/logo_movil.png\u00bb image_icon_width=\u00bb51%\u00bb _builder_version=\u00bb4.27.4&#8243; _module_preset=\u00bbdefault\u00bb header_font=\u00bb&#8211;et_global_body_font|700|||||||\u00bb text_orientation=\u00bbcenter\u00bb global_colors_info=\u00bb{}\u00bb]<\/p>\n<p><span>Conoce a otros apasionados del p\u00e1del y haz amigos mientras disfrutas del deporte.<\/span><\/p>\n<p>[\/et_pb_blurb][\/et_pb_column][et_pb_column type=\u00bb1_4&#8243; _builder_version=\u00bb4.27.4&#8243; _module_preset=\u00bbdefault\u00bb global_colors_info=\u00bb{}\u00bb][et_pb_blurb title=\u00bbUbicaci\u00f3n\u00bb image=\u00bbhttps:\/\/wp.padelelmoral.com\/wp-content\/uploads\/2024\/12\/logo_movil.png\u00bb image_icon_width=\u00bb51%\u00bb _builder_version=\u00bb4.27.4&#8243; _module_preset=\u00bbdefault\u00bb header_font=\u00bb&#8211;et_global_body_font|700|||||||\u00bb text_orientation=\u00bbcenter\u00bb global_colors_info=\u00bb{}\u00bb]<\/p>\n<p data-pm-slice=\"1 1 [&quot;list&quot;,{&quot;spread&quot;:false,&quot;start&quot;:1078,&quot;end&quot;:1493},&quot;regular_list_item&quot;,{&quot;start&quot;:1374,&quot;end&quot;:1493}]\"><span>Disfruta del clima y la naturaleza de la Jara \u00a0mientras practicas tu deporte favorito.<\/span><\/p>\n<p><span>.<\/span><\/p>\n<p>[\/et_pb_blurb][\/et_pb_column][et_pb_column type=\u00bb1_4&#8243; _builder_version=\u00bb4.27.4&#8243; _module_preset=\u00bbdefault\u00bb global_colors_info=\u00bb{}\u00bb][et_pb_blurb title=\u00bbExperiencia\u00bb image=\u00bbhttps:\/\/wp.padelelmoral.com\/wp-content\/uploads\/2024\/12\/logo_movil.png\u00bb image_icon_width=\u00bb51%\u00bb _builder_version=\u00bb4.27.4&#8243; _module_preset=\u00bbdefault\u00bb header_font=\u00bb&#8211;et_global_body_font|700|||||||\u00bb text_orientation=\u00bbcenter\u00bb global_colors_info=\u00bb{}\u00bb]<\/p>\n<p data-pm-slice=\"1 1 [&quot;list&quot;,{&quot;spread&quot;:false,&quot;start&quot;:1078,&quot;end&quot;:1493},&quot;regular_list_item&quot;,{&quot;start&quot;:1374,&quot;end&quot;:1493}]\"><span>Llevamos m\u00e1s de 10 a\u00f1os dedic\u00e1ndonos al mundo del p\u00e1del.<\/span><\/p>\n<p><span>.<\/span><\/p>\n<p>[\/et_pb_blurb][\/et_pb_column][\/et_pb_row][\/et_pb_section]<\/p>\n","protected":false},"excerpt":{"rendered":"<p>Bienvenidos a Club de P\u00e1del El Moral\u00a1Bienvenidos a nuestro club! En el Club de P\u00e1del El Moral nos apasiona el deporte, la comunidad y el buen ambiente. Nos encontramos en Sanl\u00facar de Barrameda, un lugar privilegiado para disfrutar del deporte al aire libre y compartir momentos inolvidables.Tu punto de encuentro en Sanl\u00facar para jugar a [&hellip;]<\/p>\n","protected":false},"author":1,"featured_media":0,"parent":0,"menu_order":0,"comment_status":"closed","ping_status":"closed","template":"","meta":{"_et_pb_use_builder":"on","_et_pb_old_content":"","_et_gb_content_width":"","footnotes":""},"class_list":["post-12","page","type-page","status-publish","hentry"],"_links":{"self":[{"href":"https:\/\/wp.padelelmoral.com\/index.php\/wp-json\/wp\/v2\/pages\/12","targetHints":{"allow":["GET"]}}],"collection":[{"href":"https:\/\/wp.padelelmoral.com\/index.php\/wp-json\/wp\/v2\/pages"}],"about":[{"href":"https:\/\/wp.padelelmoral.com\/index.php\/wp-json\/wp\/v2\/types\/page"}],"author":[{"embeddable":true,"href":"https:\/\/wp.padelelmoral.com\/index.php\/wp-json\/wp\/v2\/users\/1"}],"replies":[{"embeddable":true,"href":"https:\/\/wp.padelelmoral.com\/index.php\/wp-json\/wp\/v2\/comments?post=12"}],"version-history":[{"count":24,"href":"https:\/\/wp.padelelmoral.com\/index.php\/wp-json\/wp\/v2\/pages\/12\/revisions"}],"predecessor-version":[{"id":225,"href":"https:\/\/wp.padelelmoral.com\/index.php\/wp-json\/wp\/v2\/pages\/12\/revisions\/225"}],"wp:attachment":[{"href":"https:\/\/wp.padelelmoral.com\/index.php\/wp-json\/wp\/v2\/media?parent=12"}],"curies":[{"name":"wp","href":"https:\/\/api.w.org\/{rel}","templated":true}]}}